{"id":2366,"date":"2024-11-11T15:02:13","date_gmt":"2024-11-11T15:02:13","guid":{"rendered":"https:\/\/ve-business.ch\/?page_id=2366"},"modified":"2025-08-08T14:31:10","modified_gmt":"2025-08-08T14:31:10","slug":"individual-services","status":"publish","type":"page","link":"https:\/\/ve-business.ch\/de\/operations\/individual-services\/","title":{"rendered":"Individual Services"},"content":{"rendered":"","protected":false},"excerpt":{"rendered":"<p>Pers\u00f6nliche Unterst\u00fctzung und Beratung f\u00fcr einzelne Mitarbeitende, einschliesslich individueller Assessments und Entwicklungspl\u00e4ne.<\/p>","protected":false},"author":3,"featured_media":4171,"parent":1164,"menu_order":0,"comment_status":"closed","ping_status":"closed","template":"","meta":{"footnotes":""},"class_list":["post-2366","page","type-page","status-publish","has-post-thumbnail","hentry"],"_links":{"self":[{"href":"https:\/\/ve-business.ch\/de\/wp-json\/wp\/v2\/pages\/2366","targetHints":{"allow":["GET"]}}],"collection":[{"href":"https:\/\/ve-business.ch\/de\/wp-json\/wp\/v2\/pages"}],"about":[{"href":"https:\/\/ve-business.ch\/de\/wp-json\/wp\/v2\/types\/page"}],"author":[{"embeddable":true,"href":"https:\/\/ve-business.ch\/de\/wp-json\/wp\/v2\/users\/3"}],"replies":[{"embeddable":true,"href":"https:\/\/ve-business.ch\/de\/wp-json\/wp\/v2\/comments?post=2366"}],"version-history":[{"count":37,"href":"https:\/\/ve-business.ch\/de\/wp-json\/wp\/v2\/pages\/2366\/revisions"}],"predecessor-version":[{"id":5405,"href":"https:\/\/ve-business.ch\/de\/wp-json\/wp\/v2\/pages\/2366\/revisions\/5405"}],"up":[{"embeddable":true,"href":"https:\/\/ve-business.ch\/de\/wp-json\/wp\/v2\/pages\/1164"}],"wp:featuredmedia":[{"embeddable":true,"href":"https:\/\/ve-business.ch\/de\/wp-json\/wp\/v2\/media\/4171"}],"wp:attachment":[{"href":"https:\/\/ve-business.ch\/de\/wp-json\/wp\/v2\/media?parent=2366"}],"curies":[{"name":"wp","href":"https:\/\/api.w.org\/{rel}","templated":true}]}}