{"id":977,"date":"2024-11-04T13:05:10","date_gmt":"2024-11-04T13:05:10","guid":{"rendered":"https:\/\/ve-business.ch\/?page_id=977"},"modified":"2025-09-18T07:44:49","modified_gmt":"2025-09-18T07:44:49","slug":"management","status":"publish","type":"page","link":"https:\/\/ve-business.ch\/de\/management\/","title":{"rendered":"Management"},"content":{"rendered":"","protected":false},"excerpt":{"rendered":"<p>Das fundierte Wissen und die F\u00e4higkeiten unseres Teams gew\u00e4hrleisten effektive L\u00f6sungen, f\u00f6rdern Vertrauen und liefern exzellente Ergebnisse.<\/p>","protected":false},"author":2,"featured_media":4171,"parent":0,"menu_order":0,"comment_status":"closed","ping_status":"closed","template":"","meta":{"footnotes":""},"class_list":["post-977","page","type-page","status-publish","has-post-thumbnail","hentry"],"_links":{"self":[{"href":"https:\/\/ve-business.ch\/de\/wp-json\/wp\/v2\/pages\/977","targetHints":{"allow":["GET"]}}],"collection":[{"href":"https:\/\/ve-business.ch\/de\/wp-json\/wp\/v2\/pages"}],"about":[{"href":"https:\/\/ve-business.ch\/de\/wp-json\/wp\/v2\/types\/page"}],"author":[{"embeddable":true,"href":"https:\/\/ve-business.ch\/de\/wp-json\/wp\/v2\/users\/2"}],"replies":[{"embeddable":true,"href":"https:\/\/ve-business.ch\/de\/wp-json\/wp\/v2\/comments?post=977"}],"version-history":[{"count":101,"href":"https:\/\/ve-business.ch\/de\/wp-json\/wp\/v2\/pages\/977\/revisions"}],"predecessor-version":[{"id":7905,"href":"https:\/\/ve-business.ch\/de\/wp-json\/wp\/v2\/pages\/977\/revisions\/7905"}],"wp:featuredmedia":[{"embeddable":true,"href":"https:\/\/ve-business.ch\/de\/wp-json\/wp\/v2\/media\/4171"}],"wp:attachment":[{"href":"https:\/\/ve-business.ch\/de\/wp-json\/wp\/v2\/media?parent=977"}],"curies":[{"name":"wp","href":"https:\/\/api.w.org\/{rel}","templated":true}]}}